{"id":2,"date":"2013-02-04T06:24:50","date_gmt":"2013-02-04T06:24:50","guid":{"rendered":"http:\/\/fahrschule-justus-kreissl.de\/?page_id=2"},"modified":"2020-03-27T10:34:40","modified_gmt":"2020-03-27T10:34:40","slug":"sample-page","status":"publish","type":"page","link":"https:\/\/fahrschule-justus-kreissl.de\/?page_id=2","title":{"rendered":"\u00dcber uns"},"content":{"rendered":"<p>Herzlich Willkommen bei der Fahrschule Justus in Egelsbach. Unser Team besteht neben den beiden Fahrlehrern Thomas Justus und Thomas Kreissl aus drei kompetenten Damen &#8211; Sarah, Tina und Nina &#8211; die w\u00e4hrend den \u00d6ffnungszeiten jederzeit f\u00fcr Fragen zur Verf\u00fcgung stehen. Sprechen Sie uns an!<\/p>\n<p><strong>\u00a0Philosophie:<\/strong><\/p>\n<ul>\n<li>unsere langj\u00e4hrige Erfahrung ist Ihr Erfolg<\/li>\n<li>wir passen uns jedem von Ihnen individuell an<\/li>\n<li>leichtes Lernen durch Spa\u00df am Fahren<\/li>\n<li>so wenig Fahrstunden wie m\u00f6glich und nur so viele wie n\u00f6tig<\/li>\n<li>praxisorientierte Ausbildung<\/li>\n<li>unser oberstes Ziel ist Ihre Sicherheit<\/li>\n<li>unsere Erfolgsquote in den Pr\u00fcfungen spricht f\u00fcr Sie<\/li>\n<\/ul>\n","protected":false},"excerpt":{"rendered":"<p>Herzlich Willkommen bei der Fahrschule Justus in Egelsbach. Unser Team besteht neben den beiden Fahrlehrern Thomas Justus und Thomas Kreissl aus drei kompetenten Damen &#8211; Sarah, Tina und Nina &#8211; die w\u00e4hrend den \u00d6ffnungszeiten jederzeit f\u00fcr Fragen zur Verf\u00fcgung stehen. Sprechen Sie uns an! \u00a0Philosophie: unsere langj\u00e4hrige Erfahrung ist Ihr [&hellip;]<\/p>\n","protected":false},"author":1,"featured_media":0,"parent":0,"menu_order":1,"comment_status":"closed","ping_status":"closed","template":"","meta":{"footnotes":""},"class_list":["post-2","page","type-page","status-publish","hentry"],"_links":{"self":[{"href":"https:\/\/fahrschule-justus-kreissl.de\/index.php?rest_route=\/wp\/v2\/pages\/2","targetHints":{"allow":["GET"]}}],"collection":[{"href":"https:\/\/fahrschule-justus-kreissl.de\/index.php?rest_route=\/wp\/v2\/pages"}],"about":[{"href":"https:\/\/fahrschule-justus-kreissl.de\/index.php?rest_route=\/wp\/v2\/types\/page"}],"author":[{"embeddable":true,"href":"https:\/\/fahrschule-justus-kreissl.de\/index.php?rest_route=\/wp\/v2\/users\/1"}],"replies":[{"embeddable":true,"href":"https:\/\/fahrschule-justus-kreissl.de\/index.php?rest_route=%2Fwp%2Fv2%2Fcomments&post=2"}],"version-history":[{"count":10,"href":"https:\/\/fahrschule-justus-kreissl.de\/index.php?rest_route=\/wp\/v2\/pages\/2\/revisions"}],"predecessor-version":[{"id":134,"href":"https:\/\/fahrschule-justus-kreissl.de\/index.php?rest_route=\/wp\/v2\/pages\/2\/revisions\/134"}],"wp:attachment":[{"href":"https:\/\/fahrschule-justus-kreissl.de\/index.php?rest_route=%2Fwp%2Fv2%2Fmedia&parent=2"}],"curies":[{"name":"wp","href":"https:\/\/api.w.org\/{rel}","templated":true}]}}